{"id":494,"date":"2020-10-26T12:23:06","date_gmt":"2020-10-26T12:23:06","guid":{"rendered":"http:\/\/amwerk.bold-themes.com\/berlin\/?page_id=494"},"modified":"2024-10-26T02:37:51","modified_gmt":"2024-10-26T02:37:51","slug":"danh-muc-dau-tu","status":"publish","type":"page","link":"https:\/\/syx.ltd\/vi\/danh-muc-dau-tu\/","title":{"rendered":"Danh m\u1ee5c \u0111\u1ea7u t\u01b0"},"content":{"rendered":"<section data-bb-version=\"4.9.1\" id=\"bt_bb_section69eaa21b12774\" class=\"bt_bb_section bt_bb_layout_boxed_1200\"  data-bt-override-class=\"null\"><div class=\"bt_bb_port\"><div class=\"bt_bb_cell\"><div class=\"bt_bb_cell_inner\"><div class=\"bt_bb_row\"  data-bt-override-class=\"{}\"><div class=\"bt_bb_row_holder\" ><div data-bb-version=\"4.9.1\"  class=\"bt_bb_column col-xxl-12 col-xl-12 col-xs-12 col-sm-12 col-md-12 col-lg-12 bt_bb_vertical_align_top bt_bb_align_left bt_bb_padding_normal\" style=\"; --column-width:12;\" data-width=\"12\" data-bt-override-class=\"{}\"><div class=\"bt_bb_column_content\"><div class=\"bt_bb_column_content_inner\"><div data-bb-version=\"5.1.6\" class=\"bt_bb_masonry_portfolio_grid bt_bb_grid_container bt_bb_columns_4 bt_bb_gap_large bt_bb_date_design_triangle\" data-columns=\"4\"><div class=\"bt_bb_post_grid_filter\"><span class=\"bt_bb_masonry_portfolio_grid_filter_item bt_bb_post_grid_filter_item active\" data-category-portfolio=\"die-cast-tools,machinery\" data-post-type=\"portfolio\">All<\/span><span class=\"bt_bb_masonry_portfolio_grid_filter_item bt_bb_post_grid_filter_item\" data-category-portfolio=\"die-cast-tools\" data-post-type=\"portfolio\">C\u00f4ng c\u1ee5 \u0111\u00fac khu\u00f4n<\/span><span class=\"bt_bb_masonry_portfolio_grid_filter_item bt_bb_post_grid_filter_item\" data-category-portfolio=\"machinery\" data-post-type=\"portfolio\">M\u00e1y m\u00f3c<\/span><\/div><div class=\"bt_bb_post_grid_loader\"><span class=\"box1\"><\/span><span class=\"box2\"><\/span><span class=\"box3\"><\/span><span class=\"box4\"><\/span><span class=\"box5\"><\/span><\/div><div class=\"bt_bb_masonry_portfolio_grid_content bt_bb_grid_hide\" data-bt-nonce=\"e99e3e9dac\" data-number-portfolio=\"1000\" data-category-portfolio=\"\" data-post-type=\"portfolio\" data-show-portfolio=\"a%3A7%3A%7Bs%3A8%3A%22category%22%3Bb%3A0%3Bs%3A4%3A%22date%22%3Bb%3A1%3Bs%3A6%3A%22author%22%3Bb%3A0%3Bs%3A8%3A%22comments%22%3Bb%3A0%3Bs%3A7%3A%22excerpt%22%3Bb%3A1%3Bs%3A5%3A%22share%22%3Bb%3A1%3Bs%3A4%3A%22size%22%3Bs%3A23%3A%22boldthemes_large_square%22%3B%7D\" data-date-design=\"triangle\"  data-target=\"_self\"><div class=\"bt_bb_grid_sizer\"><\/div><\/div><\/div><\/div><\/div><\/div><\/div><\/div><\/div><!-- cell_inner --><\/div><!-- cell --><\/div><!-- port --><\/section>","protected":false},"excerpt":{"rendered":"<p>Kh\u00e1m ph\u00e1 \u0111\u1ed9 ch\u00ednh x\u00e1c, s\u1ee9c m\u1ea1nh v\u00e0 s\u1ef1 \u0111\u1ed5i m\u1edbi v\u1edbi danh m\u1ee5c s\u1ea3n ph\u1ea9m HYSYX \u2013 n\u01a1i ch\u1ea5t l\u01b0\u1ee3ng k\u1ebft h\u1ee3p v\u1edbi c\u00e1c gi\u1ea3i ph\u00e1p ti\u00ean ti\u1ebfn cho m\u1ecdi nhu c\u1ea7u c\u1ee7a ng\u00e0nh\u3002C\u00e1ch m\u1ea1ng h\u00f3a d\u1ef1 \u00e1n c\u1ee7a b\u1ea1n v\u1edbi v\u1eadt li\u1ec7u nh\u00f4m cao c\u1ea5p c\u1ee7a ch\u00fang t\u00f4i<br \/>\nT\u1ea1o m\u1eabu nhanh kim lo\u1ea1i | \u0110\u00fac khu\u00f4n nh\u00f4m | \u0110\u00fac khu\u00f4n k\u1ebdm | \u0110\u00fac khu\u00f4n magie | Khu\u00f4n \u0111\u00fac khu\u00f4n | Gia c\u00f4ng CNC ch\u00ednh x\u00e1c | \u0110\u00f9n nh\u00f4m | \u0110\u00fac c\u00e1t | \u0110\u00fac tr\u1ecdng l\u1ef1c | L\u1eafp r\u00e1p <\/p>","protected":false},"author":1,"featured_media":590,"parent":0,"menu_order":0,"comment_status":"closed","ping_status":"closed","template":"","meta":{"nf_dc_page":"","footnotes":""},"class_list":["post-494","page","type-page","status-publish","has-post-thumbnail","hentry"],"_links":{"self":[{"href":"https:\/\/syx.ltd\/vi\/wp-json\/wp\/v2\/pages\/494","targetHints":{"allow":["GET"]}}],"collection":[{"href":"https:\/\/syx.ltd\/vi\/wp-json\/wp\/v2\/pages"}],"about":[{"href":"https:\/\/syx.ltd\/vi\/wp-json\/wp\/v2\/types\/page"}],"author":[{"embeddable":true,"href":"https:\/\/syx.ltd\/vi\/wp-json\/wp\/v2\/users\/1"}],"replies":[{"embeddable":true,"href":"https:\/\/syx.ltd\/vi\/wp-json\/wp\/v2\/comments?post=494"}],"version-history":[{"count":7,"href":"https:\/\/syx.ltd\/vi\/wp-json\/wp\/v2\/pages\/494\/revisions"}],"predecessor-version":[{"id":1610,"href":"https:\/\/syx.ltd\/vi\/wp-json\/wp\/v2\/pages\/494\/revisions\/1610"}],"wp:featuredmedia":[{"embeddable":true,"href":"https:\/\/syx.ltd\/vi\/wp-json\/wp\/v2\/media\/590"}],"wp:attachment":[{"href":"https:\/\/syx.ltd\/vi\/wp-json\/wp\/v2\/media?parent=494"}],"curies":[{"name":"wp","href":"https:\/\/api.w.org\/{rel}","templated":true}]}}