{"id":1695,"date":"2024-11-16T08:22:54","date_gmt":"2024-11-16T08:22:54","guid":{"rendered":"https:\/\/diecastingco.com\/?post_type=product&#038;p=1695"},"modified":"2024-11-16T08:37:30","modified_gmt":"2024-11-16T08:37:30","slug":"bloco-de-zinco-zamak-5","status":"publish","type":"product","link":"https:\/\/syx.ltd\/pt\/produto\/bloco-de-zinco-zamak-5\/","title":{"rendered":"Zamak 5 zinco 3 blocos para teste \u2013 lote pequeno"},"content":{"rendered":"<p><strong>Descri\u00e7\u00e3o do produto:<\/strong><br \/>\nNossos blocos de liga de zinco Zamak 5 premium s\u00e3o projetados para testes de produtos e desenvolvimento de prot\u00f3tipos. O Zamak 5 \u00e9 uma liga de zinco popular, conhecida por sua excelente resist\u00eancia, estabilidade dimensional e resist\u00eancia ao desgaste, tornando-se a escolha preferida para fabrica\u00e7\u00e3o e testes. Esses blocos s\u00e3o ideais para avalia\u00e7\u00f5es de pequenos lotes, permitindo que voc\u00ea avalie o desempenho do seu produto em condi\u00e7\u00f5es reais sem se comprometer com a produ\u00e7\u00e3o em larga escala.<\/p>\n<p><strong>Principais caracter\u00edsticas:<\/strong><\/p>\n<ul>\n<li><strong>Material:<\/strong> Liga de zinco Zamak 5<\/li>\n<li><strong>Forma:<\/strong> Bloquear<\/li>\n<li><strong>Aplicativo:<\/strong> Perfeito para prototipagem, testes em pequenos lotes e desenvolvimento de produtos<\/li>\n<li><strong>Propriedades excepcionais:<\/strong> Alta resist\u00eancia, excelente resist\u00eancia ao desgaste e excelente estabilidade dimensional<\/li>\n<li><strong>Acabamento de superf\u00edcie:<\/strong> Liso, pronto para usinagem ou tratamentos de superf\u00edcie<\/li>\n<li><strong>Tamanho do lote:<\/strong> Dispon\u00edvel em pequenas quantidades, ideal para experimenta\u00e7\u00e3o<\/li>\n<\/ul>\n<p><strong>Aplica\u00e7\u00f5es:<\/strong><\/p>\n<ul>\n<li>Componentes automotivos<\/li>\n<li>Eletr\u00f4nicos de consumo<\/li>\n<li>Pe\u00e7as industriais<\/li>\n<li>Prototipagem e testes para desenvolvimento de produtos<\/li>\n<\/ul>\n<p><strong>Informa\u00e7\u00f5es do pedido:<\/strong><\/p>\n<ul>\n<li><strong>Quantidade m\u00ednima do pedido:<\/strong> Pequenos lotes dispon\u00edveis para avalia\u00e7\u00f5es iniciais<\/li>\n<li><strong>Prazo de entrega:<\/strong> Processamento r\u00e1pido para ciclos de teste r\u00e1pidos<\/li>\n<li><strong>Embalagem:<\/strong> Embalado com seguran\u00e7a para garantir uma entrega segura<\/li>\n<\/ul>\n<p>Se voc\u00ea est\u00e1 procurando um material confi\u00e1vel e econ\u00f4mico para testes e prototipagem, nossos blocos de zinco Zamak 5 oferecem a solu\u00e7\u00e3o perfeita.<\/p>","protected":false},"excerpt":{"rendered":"<p><b>Escolhendo blocos de alum\u00ednio Zamak 5:<\/b><\/p>\n<p><b>\u00a0<\/b><\/p>\n<p><b>Testes de precis\u00e3o: ideais para testes de pequenos lotes, permitindo avalia\u00e7\u00f5es precisas de prot\u00f3tipos de produtos.<\/b><\/p>\n<p><b>Custo-benef\u00edcio: permite pedidos em pequenas quantidades, reduzindo despesas na fase de testes.<\/b><\/p>\n<p><b>Desempenho confi\u00e1vel: conhecido por sua robustez e desempenho consistente, o Zamak 5 garante que seus prot\u00f3tipos atendam a padr\u00f5es rigorosos.<\/b><\/p>\n<p><b>Dimens\u00f5es personaliz\u00e1veis: Tamanhos de blocos personalizados est\u00e3o dispon\u00edveis para atender \u00e0s suas necessidades espec\u00edficas de teste. Para mais detalhes sobre pedidos personalizados, entre em contato conosco.<\/b><\/p>\n<p>&nbsp;<\/p>","protected":false},"featured_media":1696,"comment_status":"open","ping_status":"closed","template":"","meta":{"nf_dc_page":""},"product_brand":[],"product_cat":[31],"product_tag":[],"class_list":{"0":"post-1695","1":"product","2":"type-product","3":"status-publish","4":"has-post-thumbnail","6":"product_cat-aluminum-material","8":"first","9":"instock","10":"sale","11":"shipping-taxable","12":"purchasable","13":"product-type-simple"},"_links":{"self":[{"href":"https:\/\/syx.ltd\/pt\/wp-json\/wp\/v2\/product\/1695","targetHints":{"allow":["GET"]}}],"collection":[{"href":"https:\/\/syx.ltd\/pt\/wp-json\/wp\/v2\/product"}],"about":[{"href":"https:\/\/syx.ltd\/pt\/wp-json\/wp\/v2\/types\/product"}],"replies":[{"embeddable":true,"href":"https:\/\/syx.ltd\/pt\/wp-json\/wp\/v2\/comments?post=1695"}],"wp:featuredmedia":[{"embeddable":true,"href":"https:\/\/syx.ltd\/pt\/wp-json\/wp\/v2\/media\/1696"}],"wp:attachment":[{"href":"https:\/\/syx.ltd\/pt\/wp-json\/wp\/v2\/media?parent=1695"}],"wp:term":[{"taxonomy":"product_brand","embeddable":true,"href":"https:\/\/syx.ltd\/pt\/wp-json\/wp\/v2\/product_brand?post=1695"},{"taxonomy":"product_cat","embeddable":true,"href":"https:\/\/syx.ltd\/pt\/wp-json\/wp\/v2\/product_cat?post=1695"},{"taxonomy":"product_tag","embeddable":true,"href":"https:\/\/syx.ltd\/pt\/wp-json\/wp\/v2\/product_tag?post=1695"}],"curies":[{"name":"wp","href":"https:\/\/api.w.org\/{rel}","templated":true}]}}