{"id":452,"date":"2020-10-26T12:19:55","date_gmt":"2020-10-26T12:19:55","guid":{"rendered":"http:\/\/amwerk.bold-themes.com\/berlin\/?page_id=452"},"modified":"2024-11-16T03:44:01","modified_gmt":"2024-11-16T03:44:01","slug":"localizacao","status":"publish","type":"page","link":"https:\/\/syx.ltd\/pt\/sobre-nos\/localizacao\/","title":{"rendered":"Localiza\u00e7\u00e3o"},"content":{"rendered":"<p><section id=\"bt_bb_section69ea8ccf48b50\" class=\"bt_bb_section bt_bb_color_scheme_11 bt_bb_layout_boxed_1200 bt_bb_vertical_align_top bt_bb_background_overlay_dark_solid bt_bb_top_spacing_extra_large bt_bb_bottom_spacing_large bt-dark-skin\" style=\"; --section-primary-color:#ffffff; --section-secondary-color:#84776c;\" data-bt-override-class=\"null\"><div class=\"bt_bb_background_image_holder_wrapper\"><div class=\"bt_bb_background_image_holder btLazyLoadBackground\"  data-background_image_src=\"https:\/\/syx.ltd\/wp-content\/uploads\/2020\/11\/img-slider-02.jpg\" data-parallax-zoom-start=\"1\" data-parallax-zoom-end=\"1\" data-parallax-blur-start=\"0\" data-parallax-blur-end=\"0\" data-parallax-opacity-start=\"1\" data-parallax-opacity-end=\"1\" style=\" background-image: url(&#039;https:\/\/syx.ltd\/wp-content\/plugins\/bold-page-builder\/img\/blank.gif&#039;);\"><\/div><\/div><div class=\"bt_bb_port\"><div class=\"bt_bb_cell\"><div class=\"bt_bb_cell_inner\"><div class=\"bt_bb_row\"  data-bt-override-class=\"{}\"><div class=\"bt_bb_row_holder\" ><div  class=\"bt_bb_column col-xxl-6 col-xl-6 bt_bb_vertical_align_top bt_bb_align_left bt_bb_padding_normal bt_bb_animation_fade_in zoom_out animate\" style=\"; --column-width:6;\" data-width=\"6\" data-bt-override-class=\"{}\"><div class=\"bt_bb_column_content\"><div class=\"bt_bb_column_content_inner\"><header class=\"bt_bb_headline bt_bb_dash_top bt_bb_superheadline bt_bb_subheadline bt_bb_size_large bt_bb_align_inherit\" data-bt-override-class=\"null\"><h1><span class=\"bt_bb_headline_superheadline\"><span>Entre em contato<\/span><\/span><span class=\"bt_bb_headline_content\"><span>Locais SYX<span class=\"bt_bb_outline_text bt_bb_outline_text_align_left bt_bb_outline_text_size_400\"><span>Locais<\/span><\/span><\/span><\/span><\/h1><div class=\"bt_bb_headline_subheadline\">A SYX tem mais de 30 anos de experi\u00eancia em fundi\u00e7\u00e3o sob press\u00e3o, estampagem e inje\u00e7\u00e3o de pl\u00e1stico<br \/><br \/>\nextrus\u00e3o e usinagem CNC.<\/div><\/header><div class=\"bt_bb_separator bt_bb_border_style_none bt_bb_bottom_spacing_60\" data-bt-override-class=\"null\"><\/div><\/div><\/div><\/div><div  class=\"bt_bb_column col-xxl-6 col-xl-6 bt_bb_vertical_align_top bt_bb_align_right bt_bb_padding_40 bt_bb_animation_fade_in zoom_out animate\" style=\"; --column-width:6;\" data-width=\"6\" data-bt-override-class=\"{}\"><div class=\"bt_bb_column_content\"><div class=\"bt_bb_column_content_inner\"><\/div><\/div><\/div><\/div><\/div><\/div><!-- cell_inner --><\/div><!-- cell --><\/div><!-- port --><\/section><section id=\"bt_bb_section69ea8ccf4907b\" class=\"bt_bb_section bt_bb_color_scheme_2 bt_bb_layout_boxed_1200 bt_bb_vertical_align_top bt_bb_bottom_spacing_100\" style=\"z-index: 1;; --section-primary-color:#000000; --section-secondary-color:#ffffff;\" data-bt-override-class=\"null\"><div class=\"bt_bb_port\"><div class=\"bt_bb_cell\"><div class=\"bt_bb_cell_inner\"><div class=\"bt_bb_row\"  data-bt-override-class=\"{}\"><div class=\"bt_bb_row_holder\" ><div  class=\"bt_bb_column col-xxl-6 col-xl-6 bt_bb_vertical_align_top bt_bb_align_left bt_bb_padding_normal bt_bb_animation_fade_in zoom_out animate\" style=\"; --column-width:6;\" data-width=\"6\" data-bt-override-class=\"{}\"><div class=\"bt_bb_column_content\"><div class=\"bt_bb_column_content_inner\"><div class=\"bt_bb_separator bt_bb_border_style_none bt_bb_bottom_spacing_80\" data-bt-override-class=\"null\"><\/div><header class=\"bt_bb_headline bt_bb_dash_none bt_bb_size_normal bt_bb_align_inherit\" data-bt-override-class=\"null\"><h3><span class=\"bt_bb_headline_content\"><span>Entre em contato com a SYX para receber solu\u00e7\u00f5es inovadoras para o seu neg\u00f3cio<\/span><\/span><\/h3><\/header><div class=\"bt_bb_separator bt_bb_border_style_none bt_bb_bottom_spacing_20\" data-bt-override-class=\"null\"><\/div><header class=\"bt_bb_headline bt_bb_font_weight_400 bt_bb_color_scheme_3 bt_bb_dash_none bt_bb_size_large bt_bb_align_inherit\" style=\"; --headline-primary-color:#ff6600; --headline-secondary-color:#000000;\" data-bt-override-class=\"null\"><h3><span class=\"bt_bb_headline_content\"><span>86-18676679161<\/span><\/span><\/h3><\/header><div class=\"bt_bb_separator bt_bb_border_style_solid bt_bb_top_spacing_60 bt_bb_bottom_spacing_60\" style=\"; border-width: 1px\" data-bt-override-class=\"null\"><\/div><div class=\"bt_bb_row_inner\"   data-bt-override-class=\"{}\"><div class=\"bt_bb_row_inner_holder\"  ><div  class=\"bt_bb_column_inner col-xxl-6 col-xl-6 bt_bb_vertical_align_top bt_bb_align_left bt_bb_padding_normal\"  data-width=\"6\" data-bt-override-class=\"{}\"><div class=\"bt_bb_column_inner_content\"><div class=\"bt_bb_column_inner_content_inner\"><div class=\"bt_bb_service bt_bb_color_scheme_6 bt_bb_style_filled bt_bb_size_normal bt_bb_shape_square bt_bb_target_self bt_bb_align_inherit bt_bb_font_weight_600 bt_bb_size_headline_medium\" style=\"; --primary-color:#ffffff; --secondary-color:#ff6600;\" data-bt-override-class=\"{}\"><span  data-ico-amwerk=\"&#xe9bd;\" class=\"bt_bb_icon_holder\"><\/span><div class=\"bt_bb_service_content\"><div class=\"bt_bb_service_content_title\">Dongguan<\/div><div class=\"bt_bb_service_content_text\">Edif\u00edcio B10, n\u00ba 80, Qiaochang Road (se\u00e7\u00e3o shishuikou), vila de Shishuikou, cidade de Qiaotou Dongguan guangdong<\/div><\/div><\/div><div class=\"bt_bb_separator bt_bb_border_style_none bt_bb_bottom_spacing_60\" data-bt-override-class=\"null\"><\/div><\/div><\/div><\/div><div  class=\"bt_bb_column_inner col-xxl-6 col-xl-6 bt_bb_vertical_align_top bt_bb_align_left bt_bb_padding_normal\"  data-width=\"6\" data-bt-override-class=\"{}\"><div class=\"bt_bb_column_inner_content\"><div class=\"bt_bb_column_inner_content_inner\"><div class=\"bt_bb_service bt_bb_color_scheme_6 bt_bb_style_filled bt_bb_size_normal bt_bb_shape_square bt_bb_target_self bt_bb_align_inherit bt_bb_font_weight_600 bt_bb_size_headline_medium\" style=\"; --primary-color:#ffffff; --secondary-color:#ff6600;\" data-bt-override-class=\"{}\"><span  data-ico-amwerk=\"&#xe902;\" class=\"bt_bb_icon_holder\"><\/span><div class=\"bt_bb_service_content\"><div class=\"bt_bb_service_content_title\">HeYuan<\/div><div class=\"bt_bb_service_content_text\">Estrada A8, Parque Industrial Lantang, Condado de Zijin, Heyuan, Guangdong<\/div><\/div><\/div><div class=\"bt_bb_separator bt_bb_border_style_none bt_bb_bottom_spacing_60\" data-bt-override-class=\"null\"><\/div><\/div><\/div><\/div><\/div><\/div><div class=\"bt_bb_row_inner\"   data-bt-override-class=\"{}\"><div class=\"bt_bb_row_inner_holder\"  ><div  class=\"bt_bb_column_inner col-xxl-6 col-xl-6 bt_bb_vertical_align_top bt_bb_align_left bt_bb_padding_normal\"  data-width=\"6\" data-bt-override-class=\"{}\"><div class=\"bt_bb_column_inner_content\"><div class=\"bt_bb_column_inner_content_inner\"><div class=\"bt_bb_service bt_bb_color_scheme_6 bt_bb_style_filled bt_bb_size_normal bt_bb_shape_square bt_bb_target_self bt_bb_align_inherit bt_bb_font_weight_600 bt_bb_size_headline_medium\" style=\"; --primary-color:#ffffff; --secondary-color:#ff6600;\" data-bt-override-class=\"{}\"><span  data-ico-amwerk=\"&#xe99d;\" class=\"bt_bb_icon_holder\"><\/span><div class=\"bt_bb_service_content\"><div class=\"bt_bb_service_content_title\">Ligue para n\u00f3s<\/div><div class=\"bt_bb_service_content_text\">86-18676679161<\/div><\/div><\/div><div class=\"bt_bb_separator bt_bb_border_style_none bt_bb_bottom_spacing_60\" data-bt-override-class=\"null\"><\/div><\/div><\/div><\/div><div  class=\"bt_bb_column_inner col-xxl-6 col-xl-6 bt_bb_vertical_align_top bt_bb_align_left bt_bb_padding_normal\"  data-width=\"6\" data-bt-override-class=\"{}\"><div class=\"bt_bb_column_inner_content\"><div class=\"bt_bb_column_inner_content_inner\"><div class=\"bt_bb_service bt_bb_color_scheme_6 bt_bb_style_filled bt_bb_size_normal bt_bb_shape_square bt_bb_target_self bt_bb_align_inherit bt_bb_font_weight_600 bt_bb_size_headline_medium\" style=\"; --primary-color:#ffffff; --secondary-color:#ff6600;\" data-bt-override-class=\"{}\"><span  data-ico-amwerk=\"&#xe9bf;\" class=\"bt_bb_icon_holder\"><\/span><div class=\"bt_bb_service_content\"><div class=\"bt_bb_service_content_title\">Envie-nos um e-mail<\/div><div class=\"bt_bb_service_content_text\">info@diecastingco.com<\/div><\/div><\/div><div class=\"bt_bb_separator bt_bb_border_style_none bt_bb_bottom_spacing_60\" data-bt-override-class=\"null\"><\/div><\/div><\/div><\/div><\/div><\/div><div class=\"bt_bb_separator bt_bb_border_style_solid bt_bb_bottom_spacing_60\" style=\"; border-width: 1px\" data-bt-override-class=\"null\"><\/div><header class=\"bt_bb_headline bt_bb_dash_none bt_bb_size_normal bt_bb_align_inherit\" data-bt-override-class=\"null\"><h3><span class=\"bt_bb_headline_content\"><span>M\u00eddias sociais<\/span><\/span><\/h3><\/header><div class=\"bt_bb_separator bt_bb_border_style_none bt_bb_bottom_spacing_20\" data-bt-override-class=\"null\"><\/div><div class=\"bt_bb_icon bt_bb_color_scheme_6 bt_bb_style_filled bt_bb_size_small bt_bb_shape_circle bt_bb_target_blank bt_bb_text_empty bt_bb_align_inherit\" style=\"; --primary-color:#ffffff; --secondary-color:#ff6600;\" data-bt-override-class=\"{}\"><a href=\"http:\/\/www.facebook.com\/syx.die.casting.china\"  target=\"_blank\"   data-ico-fontawesome5brands=\"&#xf39e;\" class=\"bt_bb_icon_holder\"><\/a><\/div><div class=\"bt_bb_icon bt_bb_color_scheme_6 bt_bb_style_filled bt_bb_size_small bt_bb_shape_circle bt_bb_target_blank bt_bb_text_empty bt_bb_align_inherit\" style=\"; --primary-color:#ffffff; --secondary-color:#ff6600;\" data-bt-override-class=\"{}\"><a href=\"http:\/\/twitter.com\/diecastingchina\"  target=\"_blank\"   data-ico-fontawesome5brands=\"&#xf099;\" class=\"bt_bb_icon_holder\"><\/a><\/div><div class=\"bt_bb_icon bt_bb_color_scheme_6 bt_bb_style_filled bt_bb_size_small bt_bb_shape_circle bt_bb_target_blank bt_bb_text_empty bt_bb_align_inherit\" style=\"; --primary-color:#ffffff; --secondary-color:#ff6600;\" data-bt-override-class=\"{}\"><a href=\"https:\/\/www.linkedin.com\/in\/aluminum-die-casting\/\"  target=\"_blank\"   data-ico-fontawesome5brands=\"&#xf16d;\" class=\"bt_bb_icon_holder\"><\/a><\/div><div class=\"bt_bb_icon bt_bb_color_scheme_6 bt_bb_style_filled bt_bb_size_small bt_bb_shape_circle bt_bb_target_blank bt_bb_text_empty bt_bb_align_inherit\" style=\"; --primary-color:#ffffff; --secondary-color:#ff6600;\" data-bt-override-class=\"{}\"><a href=\"https:\/\/www.linkedin.com\/in\/aluminum-die-casting\/\"  target=\"_blank\"   data-ico-fontawesome5brands=\"&#xf0e1;\" class=\"bt_bb_icon_holder\"><\/a><\/div><div class=\"bt_bb_separator bt_bb_border_style_none bt_bb_bottom_spacing_100 bt_bb_hidden_md bt_bb_hidden_lg\" data-bt-override-class=\"null\"><\/div><\/div><\/div><\/div><div  class=\"bt_bb_column col-xxl-6 col-xl-6 bt_bb_vertical_align_top bt_bb_align_left bt_bb_padding_40 bt_bb_animation_fade_in zoom_out animate\" style=\"margin-top: -80px;; --column-width:6;\" data-width=\"6\" data-bt-override-class=\"{}\"><div class=\"bt_bb_column_content\" style=\"background-color:rgba(241, 241, 241, 1);\"><div class=\"bt_bb_column_content_inner\"><div class=\"bt_bb_image btImgContentHalfWidth bt_bb_shape_square bt_bb_align_inherit bt_bb_hover_style_simple bt_bb_content_display_always bt_bb_content_align_middle bt_bb_remove_padding_yes bt_bb_fill_background_color_full\" style=\"margin-left: -40px;margin-right: -40px;\" data-bt-override-class=\"null\"><span><img src = \"https:\/\/syx.ltd\/wp-content\/plugins\/bold-page-builder\/img\/blank.gif\" data-full_image_src=\"https:\/\/syx.ltd\/wp-content\/uploads\/2024\/10\/3500-T-Die-Casting.jpg\" data-image_src=\"https:\/\/syx.ltd\/wp-content\/uploads\/2024\/10\/3500-T-Die-Casting-928x640.jpg\" title=\"Fundi\u00e7\u00e3o sob press\u00e3o 3500 T\" alt=\"https:\/\/syx.ltd\/wp-content\/uploads\/2024\/10\/3500-T-Die-Casting-928x640.jpg\" class=\"btLazyLoadImage\"><\/span><\/div><div class=\"bt_bb_separator bt_bb_border_style_none bt_bb_bottom_spacing_40\" data-bt-override-class=\"null\"><\/div><div class=\"bt_bb_contact_form_7\"><p>Please install and activate Contact Form 7 plugin.<\/p><\/div><div class=\"bt_bb_separator bt_bb_border_style_none bt_bb_bottom_spacing_50\" data-bt-override-class=\"null\"><\/div><\/div><\/div><\/div><\/div><\/div><\/div><!-- cell_inner --><\/div><!-- cell --><\/div><!-- port --><\/section><section data-bb-version=\"4.9.1\" id=\"bt_bb_section69ea8ccf4adcb\" class=\"bt_bb_section bt_bb_layout_boxed_1200\"  data-bt-override-class=\"null\"><div class=\"bt_bb_port\"><div class=\"bt_bb_cell\"><div class=\"bt_bb_cell_inner\"><div class=\"bt_bb_row\"  data-bt-override-class=\"{}\"><div class=\"bt_bb_row_holder\" ><div data-bb-version=\"4.9.1\"  class=\"bt_bb_column col-xxl-4 col-xl-4 col-xs-12 col-sm-12 col-md-12 col-lg-4 bt_bb_vertical_align_top bt_bb_align_left bt_bb_padding_normal\" style=\"; --column-width:4;\" data-width=\"4\" data-bt-override-class=\"{}\"><div class=\"bt_bb_column_content\"><div class=\"bt_bb_column_content_inner\"><div class=\"bt_bb_raw_content\"><iframe src=\"https:\/\/www.google.com\/maps\/embed?pb=!1m18!1m12!1m3!1d70251.38768036258!2d114.17510918714018!3d22.2729226266087!2m3!1f0!2f0!3f0!3m2!1i1024!2i768!4f13.1!3m3!1m2!1s0x3404005af937bb8b%3A0xb66cae538cf8ff83!2sSYX%20die%20casting%20Limited!5e0!3m2!1sen!2s!4v1731723767536!5m2!1sen!2s\" width=\"600\" height=\"450\" style=\"border:0;\" allowfullscreen=\"\" loading=\"lazy\" referrerpolicy=\"no-referrer-when-downgrade\"><\/iframe><\/div><\/div><\/div><\/div><div data-bb-version=\"4.9.1\"  class=\"bt_bb_column col-xxl-4 col-xl-4 col-xs-12 col-sm-12 col-md-12 col-lg-4 bt_bb_vertical_align_top bt_bb_align_left bt_bb_padding_normal\" style=\"; --column-width:4;\" data-width=\"4\" data-bt-override-class=\"{}\"><div class=\"bt_bb_column_content\"><div class=\"bt_bb_column_content_inner\"><div class=\"bt_bb_raw_content\"><iframe src=\"https:\/\/www.google.com\/maps\/embed?pb=!1m18!1m12!1m3!1d14646.190261138148!2d114.9132602641445!3d23.404579262523473!2m3!1f0!2f0!3f0!3m2!1i1024!2i768!4f13.1!3m3!1m2!1s0x34052836bc4010cd%3A0x6a8e1460ed89a8f9!2heyuansongyuxing%2C%20lantan%20County%2C%20Heyuan%2C%20Guangdong%20Province%2C%20China%2C%20517447!5e0!3m2!1sen!2s!4v1731725242250!5m2!1sen!2s\" width=\"600\" height=\"450\" style=\"border:0;\" allowfullscreen=\"\" loading=\"lazy\" referrerpolicy=\"no-referrer-when-downgrade\"><\/iframe><\/div><\/div><\/div><\/div><div data-bb-version=\"4.9.1\"  class=\"bt_bb_column col-xxl-4 col-xl-4 col-xs-12 col-sm-12 col-md-12 col-lg-4 bt_bb_vertical_align_top bt_bb_align_left bt_bb_padding_normal\" style=\"; --column-width:4;\" data-width=\"4\" data-bt-override-class=\"{}\"><div class=\"bt_bb_column_content\"><div class=\"bt_bb_column_content_inner\"><div class=\"bt_bb_raw_content\"><iframe src=\"https:\/\/www.google.com\/maps\/embed?pb=!1m18!1m12!1m3!1d3671.9902016836995!2d114.1005850760102!3d23.02413197917277!2m3!1f0!2f0!3f0!3m2!1i1024!2i768!4f13.1!3m3!1m2!1s0x34037f5282cd7a8f%3A0x49ec8bc29f837dda!2sDongguan%20Songyuxing%20Diecasting%20Technology%20Co.%2C%20Ltd.!5e0!3m2!1sen!2s!4v1731724154224!5m2!1sen!2s\" width=\"600\" height=\"450\" style=\"border:0;\" allowfullscreen=\"\" loading=\"lazy\" referrerpolicy=\"no-referrer-when-downgrade\"><\/iframe><\/div><\/div><\/div><\/div><\/div><\/div><\/div><!-- cell_inner --><\/div><!-- cell --><\/div><!-- port --><\/section><section id=\"bt_bb_section69ea8ccf4b44d\" class=\"bt_bb_section bt_bb_layout_boxed_800 bt_bb_vertical_align_top bt_bb_top_spacing_100 bt_bb_bottom_spacing_100\"  data-bt-override-class=\"null\"><div class=\"bt_bb_port\"><div class=\"bt_bb_cell\"><div class=\"bt_bb_cell_inner\"><div class=\"bt_bb_row\"  data-bt-override-class=\"{}\"><div class=\"bt_bb_row_holder\" ><div  class=\"bt_bb_column col-xxl-12 col-xl-12 bt_bb_vertical_align_top bt_bb_align_center bt_bb_padding_60\" style=\"background-color:rgba(241, 241, 241, 1);; --column-width:12;\" data-width=\"12\" data-bt-override-class=\"{}\"><div class=\"bt_bb_column_content\"><div class=\"bt_bb_column_content_inner\"><div class=\"bt_bb_content_slider bt_bb_gap_normal bt_bb_arrows_size_no_arrows bt_bb_show_dots_hide bt_bb_height_keep-height bt_bb_animation_slide bt_bb_animation_slide animate bt_bb_overflow_no bt_bb_active_dot_accent bt_bb_inactive_dot_transparent_light_font bt_bb_slider_arrows_dark_font_light_bg\" style=\"margin-top: -60px;\" data-bt-override-class=\"{}\"><div class=\"slick-slider\"  data-slick='{ \"lazyLoad\": \"progressive\", \"cssEase\": \"ease-out\", \"speed\": \"600\", \"accessibility\": false, \"arrows\": false,\"autoplay\": true, \"autoplaySpeed\": 3000}' ><div class=\"bt_bb_content_slider_item\"><div class=\"bt_bb_content_slider_item_content content\"><div class=\"bt_bb_image bt_bb_shape_hard-rounded bt_bb_align_inherit bt_bb_hover_style_simple bt_bb_content_display_always bt_bb_content_align_middle bt_bb_remove_padding_yes bt_bb_fill_background_color_full\" style=\"border: 3px solid #FFF;\" data-bt-override-class=\"null\"><span><img decoding=\"async\" src=\"https:\/\/syx.ltd\/wp-content\/uploads\/2020\/11\/client-02-160x160.jpg\" data-full_image_src=\"https:\/\/syx.ltd\/wp-content\/uploads\/2020\/11\/client-02.jpg\"  alt=\"https:\/\/syx.ltd\/wp-content\/uploads\/2020\/11\/client-02-160x160.jpg\"><\/span><\/div><div class=\"bt_bb_separator bt_bb_border_style_none bt_bb_bottom_spacing_15\" data-bt-override-class=\"null\"><\/div><div  class=\"bt_bb_text btLargerQuote\" ><\/p>\n<blockquote>\n<p>Escolher a SYX Die Casting significa escolher confiabilidade, experi\u00eancia e uma empresa que valoriza a satisfa\u00e7\u00e3o do cliente acima de tudo<\/p>\n<\/blockquote>\n<p>\n<\/div><div class=\"bt_bb_separator bt_bb_border_style_none bt_bb_bottom_spacing_15\" data-bt-override-class=\"null\"><\/div><header class=\"bt_bb_headline bt_bb_dash_none bt_bb_subheadline bt_bb_size_extrasmall bt_bb_align_inherit\" data-bt-override-class=\"null\"><h5><span class=\"bt_bb_headline_content\"><span>Daniel Huberth<\/span><\/span><\/h5><div class=\"bt_bb_headline_subheadline\">Aplausos<\/div><\/header><\/div><\/div><div class=\"bt_bb_content_slider_item\"><div class=\"bt_bb_content_slider_item_content content\"><div class=\"bt_bb_image bt_bb_shape_hard-rounded bt_bb_align_inherit bt_bb_hover_style_simple bt_bb_content_display_always bt_bb_content_align_middle bt_bb_remove_padding_yes bt_bb_fill_background_color_full\" style=\"border: 3px solid #FFF;\" data-bt-override-class=\"null\"><span><img decoding=\"async\" src=\"https:\/\/syx.ltd\/wp-content\/uploads\/2020\/11\/client-04-160x160.jpg\" data-full_image_src=\"https:\/\/syx.ltd\/wp-content\/uploads\/2020\/11\/client-04.jpg\"  alt=\"https:\/\/syx.ltd\/wp-content\/uploads\/2020\/11\/client-04-160x160.jpg\"><\/span><\/div><div class=\"bt_bb_separator bt_bb_border_style_none bt_bb_bottom_spacing_15\" data-bt-override-class=\"null\"><\/div><div  class=\"bt_bb_text btLargerQuote\" ><\/p>\n<blockquote>\n<p>A SYX Die Casting se destaca por sua precis\u00e3o incompar\u00e1vel e comprometimento com a excel\u00eancia, entregando consistentemente componentes de alta qualidade que excedem os padr\u00f5es da ind\u00fastria.<\/p>\n<\/blockquote>\n<p>\n<\/div><div class=\"bt_bb_separator bt_bb_border_style_none bt_bb_bottom_spacing_15\" data-bt-override-class=\"null\"><\/div><header class=\"bt_bb_headline bt_bb_dash_none bt_bb_subheadline bt_bb_size_extrasmall bt_bb_align_inherit\" data-bt-override-class=\"null\"><h5><span class=\"bt_bb_headline_content\"><span>Mia McBride<\/span><\/span><\/h5><div class=\"bt_bb_headline_subheadline\">Estado<\/div><\/header><\/div><\/div><div class=\"bt_bb_content_slider_item\"><div class=\"bt_bb_content_slider_item_content content\"><div class=\"bt_bb_image bt_bb_shape_hard-rounded bt_bb_align_inherit bt_bb_hover_style_simple bt_bb_content_display_always bt_bb_content_align_middle bt_bb_remove_padding_yes bt_bb_fill_background_color_full\" style=\"border: 3px solid #FFF;\" data-bt-override-class=\"null\"><span><img decoding=\"async\" src=\"https:\/\/syx.ltd\/wp-content\/uploads\/2020\/11\/client-05-160x160.jpg\" data-full_image_src=\"https:\/\/syx.ltd\/wp-content\/uploads\/2020\/11\/client-05.jpg\"  alt=\"https:\/\/syx.ltd\/wp-content\/uploads\/2020\/11\/client-05-160x160.jpg\"><\/span><\/div><div class=\"bt_bb_separator bt_bb_border_style_none bt_bb_bottom_spacing_15\" data-bt-override-class=\"null\"><\/div><div  class=\"bt_bb_text btLargerQuote\" ><\/p>\n<blockquote>\n<p>Escolher a SYX Die Casting significa escolher confiabilidade, experi\u00eancia e uma empresa que valoriza a satisfa\u00e7\u00e3o do cliente acima de tudo<\/p>\n<\/blockquote>\n<p>\n<\/div><div class=\"bt_bb_separator bt_bb_border_style_none bt_bb_bottom_spacing_15\" data-bt-override-class=\"null\"><\/div><header class=\"bt_bb_headline bt_bb_dash_none bt_bb_subheadline bt_bb_size_extrasmall bt_bb_align_inherit\" data-bt-override-class=\"null\"><h5><span class=\"bt_bb_headline_content\"><span>Jo\u00e3o Raposa<\/span><\/span><\/h5><div class=\"bt_bb_headline_subheadline\">Codiqa<\/div><\/header><\/div><\/div><div class=\"bt_bb_content_slider_item\"><div class=\"bt_bb_content_slider_item_content content\"><div class=\"bt_bb_image bt_bb_shape_hard-rounded bt_bb_align_inherit bt_bb_hover_style_simple bt_bb_content_display_always bt_bb_content_align_middle bt_bb_remove_padding_yes bt_bb_fill_background_color_full\" style=\"border: 3px solid #FFF;\" data-bt-override-class=\"null\"><span><img decoding=\"async\" src=\"https:\/\/syx.ltd\/wp-content\/uploads\/2020\/11\/client-06-160x160.jpg\" data-full_image_src=\"https:\/\/syx.ltd\/wp-content\/uploads\/2020\/11\/client-06.jpg\"  alt=\"https:\/\/syx.ltd\/wp-content\/uploads\/2020\/11\/client-06-160x160.jpg\"><\/span><\/div><div class=\"bt_bb_separator bt_bb_border_style_none bt_bb_bottom_spacing_15\" data-bt-override-class=\"null\"><\/div><div  class=\"bt_bb_text btLargerQuote\" ><\/p>\n<blockquote>\n<p>A durabilidade e a precis\u00e3o dos produtos da SYX Die Casting refletem sua dedica\u00e7\u00e3o inabal\u00e1vel ao artesanato superior<\/p>\n<\/blockquote>\n<p>\n<\/div><div class=\"bt_bb_separator bt_bb_border_style_none bt_bb_bottom_spacing_15\" data-bt-override-class=\"null\"><\/div><header class=\"bt_bb_headline bt_bb_dash_none bt_bb_subheadline bt_bb_size_extrasmall bt_bb_align_inherit\" data-bt-override-class=\"null\"><h5><span class=\"bt_bb_headline_content\"><span>Hollie Neal<\/span><\/span><\/h5><div class=\"bt_bb_headline_subheadline\">Bacana<\/div><\/header><\/div><\/div><div class=\"bt_bb_content_slider_item\"><div class=\"bt_bb_content_slider_item_content content\"><div class=\"bt_bb_image bt_bb_shape_hard-rounded bt_bb_align_inherit bt_bb_hover_style_simple bt_bb_content_display_always bt_bb_content_align_middle bt_bb_remove_padding_yes bt_bb_fill_background_color_full\" style=\"border: 3px solid #FFF;\" data-bt-override-class=\"null\"><span><img decoding=\"async\" src=\"https:\/\/syx.ltd\/wp-content\/uploads\/2020\/11\/client-07-160x160.jpg\" data-full_image_src=\"https:\/\/syx.ltd\/wp-content\/uploads\/2020\/11\/client-07.jpg\"  alt=\"https:\/\/syx.ltd\/wp-content\/uploads\/2020\/11\/client-07-160x160.jpg\"><\/span><\/div><div class=\"bt_bb_separator bt_bb_border_style_none bt_bb_bottom_spacing_15\" data-bt-override-class=\"null\"><\/div><div  class=\"bt_bb_text btLargerQuote\" ><\/p>\n<blockquote>\n<p>A capacidade da SYX Die Casting de combinar inova\u00e7\u00e3o com efici\u00eancia lhe rendeu uma reputa\u00e7\u00e3o estelar como parceira confi\u00e1vel em solu\u00e7\u00f5es de fundi\u00e7\u00e3o sob press\u00e3o<\/p>\n<\/blockquote>\n<p>\n<\/div><div class=\"bt_bb_separator bt_bb_border_style_none bt_bb_bottom_spacing_15\" data-bt-override-class=\"null\"><\/div><header class=\"bt_bb_headline bt_bb_dash_none bt_bb_subheadline bt_bb_size_extrasmall bt_bb_align_inherit\" data-bt-override-class=\"null\"><h5><span class=\"bt_bb_headline_content\"><span>Elsie Moore<\/span><\/span><\/h5><div class=\"bt_bb_headline_subheadline\">Contrato<\/div><\/header><\/div><\/div><\/div><\/div><div class=\"bt_bb_separator bt_bb_border_style_none bt_bb_bottom_spacing_60\" data-bt-override-class=\"null\"><\/div><\/div><\/div><\/div><\/div><\/div><\/div><!-- cell_inner --><\/div><!-- cell --><\/div><!-- port --><\/section><section data-bb-version=\"4.9.1\" id=\"bt_bb_section69ea8ccf4e642\" class=\"bt_bb_section bt_bb_layout_boxed_1200\"  data-bt-override-class=\"null\"><div class=\"bt_bb_port\"><div class=\"bt_bb_cell\"><div class=\"bt_bb_cell_inner\"><\/div><!-- cell_inner --><\/div><!-- cell --><\/div><!-- port --><\/section><\/p>","protected":false},"excerpt":{"rendered":"<p>Fortale\u00e7a adequadamente as habilidades de lideran\u00e7a din\u00e2mica por meio de portais de neg\u00f3cios. Promova globalmente cadeias de suprimentos interativas com vetores de qualidade diferenciados. Revolucione globalmente as fontes globais por meio de servi\u00e7os interoper\u00e1veis.<\/p>","protected":false},"author":1,"featured_media":574,"parent":440,"menu_order":0,"comment_status":"closed","ping_status":"closed","template":"","meta":{"nf_dc_page":"","footnotes":""},"class_list":["post-452","page","type-page","status-publish","has-post-thumbnail","hentry"],"_links":{"self":[{"href":"https:\/\/syx.ltd\/pt\/wp-json\/wp\/v2\/pages\/452","targetHints":{"allow":["GET"]}}],"collection":[{"href":"https:\/\/syx.ltd\/pt\/wp-json\/wp\/v2\/pages"}],"about":[{"href":"https:\/\/syx.ltd\/pt\/wp-json\/wp\/v2\/types\/page"}],"author":[{"embeddable":true,"href":"https:\/\/syx.ltd\/pt\/wp-json\/wp\/v2\/users\/1"}],"replies":[{"embeddable":true,"href":"https:\/\/syx.ltd\/pt\/wp-json\/wp\/v2\/comments?post=452"}],"version-history":[{"count":18,"href":"https:\/\/syx.ltd\/pt\/wp-json\/wp\/v2\/pages\/452\/revisions"}],"predecessor-version":[{"id":1672,"href":"https:\/\/syx.ltd\/pt\/wp-json\/wp\/v2\/pages\/452\/revisions\/1672"}],"up":[{"embeddable":true,"href":"https:\/\/syx.ltd\/pt\/wp-json\/wp\/v2\/pages\/440"}],"wp:featuredmedia":[{"embeddable":true,"href":"https:\/\/syx.ltd\/pt\/wp-json\/wp\/v2\/media\/574"}],"wp:attachment":[{"href":"https:\/\/syx.ltd\/pt\/wp-json\/wp\/v2\/media?parent=452"}],"curies":[{"name":"wp","href":"https:\/\/api.w.org\/{rel}","templated":true}]}}