{"id":403,"date":"2020-08-31T13:00:07","date_gmt":"2020-08-31T13:00:07","guid":{"rendered":"http:\/\/konstrukt.bold-themes.com\/main-demo\/product\/import-placeholder-for-85\/"},"modified":"2024-10-24T03:34:41","modified_gmt":"2024-10-24T03:34:41","slug":"bloc-daluminium-adc12","status":"publish","type":"product","link":"https:\/\/syx.ltd\/fr\/produit\/bloc-daluminium-adc12\/","title":{"rendered":"Bloc d&#039;aluminium ADC12 pour tests \u2013 Petite s\u00e9rie"},"content":{"rendered":"<p><strong>Description du produit :<\/strong> Nos blocs d&#039;aluminium ADC12 de haute qualit\u00e9 sont parfaits pour les tests de produits et le d\u00e9veloppement de prototypes. L&#039;ADC12 est un alliage d&#039;aluminium largement utilis\u00e9, reconnu pour son excellente r\u00e9sistance m\u00e9canique, sa r\u00e9sistance \u00e0 la corrosion et sa coulabilit\u00e9, ce qui en fait un choix populaire en industrie manufacturi\u00e8re. Cet alliage d&#039;aluminium est id\u00e9al pour les tests en petites s\u00e9ries, vous permettant d&#039;\u00e9valuer les performances de votre produit en conditions r\u00e9elles sans vous engager sur de grandes quantit\u00e9s.<\/p>\n<p><strong>Caract\u00e9ristiques principales :<\/strong><\/p>\n<ul>\n<li><strong>Mat\u00e9riel:<\/strong> Alliage d&#039;aluminium ADC12<\/li>\n<li><strong>Forme:<\/strong> Bloc<\/li>\n<li><strong>Application:<\/strong> Convient aux tests en petits lots, au prototypage et au d\u00e9veloppement de produits<\/li>\n<li><strong>Excellentes propri\u00e9t\u00e9s :<\/strong> Haute r\u00e9sistance, bonne r\u00e9sistance \u00e0 la corrosion et grande maniabilit\u00e9<\/li>\n<li><strong>Finition de surface :<\/strong> Lisse et pr\u00eat pour un usinage ou un traitement ult\u00e9rieur<\/li>\n<li><strong>Taille du lot :<\/strong> Commandes en petites quantit\u00e9s disponibles, parfaites pour les tests et l&#039;exp\u00e9rimentation<\/li>\n<\/ul>\n<p><strong>Applications :<\/strong><\/p>\n<ul>\n<li>Pi\u00e8ces automobiles<\/li>\n<li>\u00c9lectronique grand public<\/li>\n<li>Composants industriels<\/li>\n<li>Tests et prototypage pour le d\u00e9veloppement de produits<\/li>\n<\/ul>\n<p><strong>Informations sur la commande :<\/strong><\/p>\n<p>Quantit\u00e9 minimum de commande : Petits lots disponibles pour les tests initiaux<br \/>\nD\u00e9lai de livraison : Traitement et livraison rapides pour des cycles de test rapides<br \/>\nEmballage : Emball\u00e9 en toute s\u00e9curit\u00e9 pour \u00e9viter tout dommage pendant le transport<\/p>\n<p>Si vous recherchez un mat\u00e9riau fiable et \u00e9conomique pour tester vos prototypes de produits, nos blocs d&#039;aluminium ADC12 sont la solution parfaite.<\/p>","protected":false},"excerpt":{"rendered":"<p><strong>Pourquoi choisir les blocs en aluminium ADC12 ?<\/strong><\/p>\n<ul>\n<li><strong>Tests de pr\u00e9cision :<\/strong> Id\u00e9al pour les tests en petits lots, permettant une \u00e9valuation pr\u00e9cise des prototypes de produits.<\/li>\n<li><strong>Rentable :<\/strong> Commandez en petites quantit\u00e9s pour minimiser les co\u00fbts pendant la phase de test.<\/li>\n<li><strong>Performances fiables :<\/strong> L&#039;ADC12 est connu pour sa durabilit\u00e9 et ses performances, garantissant que vos prototypes r\u00e9pondent \u00e0 des normes \u00e9lev\u00e9es.<\/li>\n<\/ul>\n<p><strong>Tailles personnalis\u00e9es disponibles\u00a0:<\/strong> Nous proposons des options de personnalisation des dimensions des blocs pour r\u00e9pondre \u00e0 vos besoins de test sp\u00e9cifiques. Contactez-nous pour plus d&#039;informations sur les commandes personnalis\u00e9es.<\/p>\n<p>&nbsp;<\/p>","protected":false},"featured_media":1402,"comment_status":"open","ping_status":"closed","template":"","meta":{"nf_dc_page":""},"product_brand":[],"product_cat":[31],"product_tag":[],"class_list":{"0":"post-403","1":"product","2":"type-product","3":"status-publish","4":"has-post-thumbnail","6":"product_cat-aluminum-material","8":"first","9":"instock","10":"sale","11":"shipping-taxable","12":"purchasable","13":"product-type-simple"},"_links":{"self":[{"href":"https:\/\/syx.ltd\/fr\/wp-json\/wp\/v2\/product\/403","targetHints":{"allow":["GET"]}}],"collection":[{"href":"https:\/\/syx.ltd\/fr\/wp-json\/wp\/v2\/product"}],"about":[{"href":"https:\/\/syx.ltd\/fr\/wp-json\/wp\/v2\/types\/product"}],"replies":[{"embeddable":true,"href":"https:\/\/syx.ltd\/fr\/wp-json\/wp\/v2\/comments?post=403"}],"wp:featuredmedia":[{"embeddable":true,"href":"https:\/\/syx.ltd\/fr\/wp-json\/wp\/v2\/media\/1402"}],"wp:attachment":[{"href":"https:\/\/syx.ltd\/fr\/wp-json\/wp\/v2\/media?parent=403"}],"wp:term":[{"taxonomy":"product_brand","embeddable":true,"href":"https:\/\/syx.ltd\/fr\/wp-json\/wp\/v2\/product_brand?post=403"},{"taxonomy":"product_cat","embeddable":true,"href":"https:\/\/syx.ltd\/fr\/wp-json\/wp\/v2\/product_cat?post=403"},{"taxonomy":"product_tag","embeddable":true,"href":"https:\/\/syx.ltd\/fr\/wp-json\/wp\/v2\/product_tag?post=403"}],"curies":[{"name":"wp","href":"https:\/\/api.w.org\/{rel}","templated":true}]}}