{"id":1695,"date":"2024-11-16T08:22:54","date_gmt":"2024-11-16T08:22:54","guid":{"rendered":"https:\/\/diecastingco.com\/?post_type=product&#038;p=1695"},"modified":"2024-11-16T08:37:30","modified_gmt":"2024-11-16T08:37:30","slug":"bloc-de-zinc-zamak-5","status":"publish","type":"product","link":"https:\/\/syx.ltd\/fr\/produit\/bloc-de-zinc-zamak-5\/","title":{"rendered":"Bloc de 3 blocs de zinc Zamak 5 pour essais \u2013 Petit lot"},"content":{"rendered":"<p><strong>Description du produit :<\/strong><br \/>\nNos blocs en alliage de zinc Zamak 5 haut de gamme sont con\u00e7us pour les tests de produits et le d\u00e9veloppement de prototypes. Le Zamak 5 est un alliage de zinc populaire, reconnu pour son excellente r\u00e9sistance, sa stabilit\u00e9 dimensionnelle et sa r\u00e9sistance \u00e0 l&#039;usure, ce qui en fait un choix privil\u00e9gi\u00e9 pour la fabrication et les tests. Ces blocs sont parfaits pour les \u00e9valuations de petites s\u00e9ries, vous permettant d&#039;\u00e9valuer les performances de votre produit en conditions r\u00e9elles sans vous engager dans une production \u00e0 grande \u00e9chelle.<\/p>\n<p><strong>Caract\u00e9ristiques principales :<\/strong><\/p>\n<ul>\n<li><strong>Mat\u00e9riel:<\/strong> Alliage de zinc Zamak 5<\/li>\n<li><strong>Forme:<\/strong> Bloc<\/li>\n<li><strong>Application:<\/strong> Id\u00e9al pour le prototypage, les tests en petits lots et le d\u00e9veloppement de produits<\/li>\n<li><strong>Propri\u00e9t\u00e9s exceptionnelles :<\/strong> Haute r\u00e9sistance, excellente r\u00e9sistance \u00e0 l&#039;usure et stabilit\u00e9 dimensionnelle exceptionnelle<\/li>\n<li><strong>Finition de surface :<\/strong> Lisse, pr\u00eat pour l&#039;usinage ou les traitements de surface<\/li>\n<li><strong>Taille du lot :<\/strong> Disponible en petites quantit\u00e9s, id\u00e9al pour l&#039;exp\u00e9rimentation<\/li>\n<\/ul>\n<p><strong>Applications :<\/strong><\/p>\n<ul>\n<li>composants automobiles<\/li>\n<li>\u00c9lectronique grand public<\/li>\n<li>Pi\u00e8ces industrielles<\/li>\n<li>Prototypage et tests pour le d\u00e9veloppement de produits<\/li>\n<\/ul>\n<p><strong>Informations sur la commande :<\/strong><\/p>\n<ul>\n<li><strong>Quantit\u00e9 minimum de commande :<\/strong> Petits lots disponibles pour les \u00e9valuations initiales<\/li>\n<li><strong>D\u00e9lai de livraison:<\/strong> Traitement rapide pour des cycles de test rapides<\/li>\n<li><strong>Conditionnement:<\/strong> Emball\u00e9 en toute s\u00e9curit\u00e9 pour garantir une livraison en toute s\u00e9curit\u00e9<\/li>\n<\/ul>\n<p>Si vous recherchez un mat\u00e9riau fiable et \u00e9conomique pour les tests et le prototypage, nos blocs de zinc Zamak 5 offrent la solution parfaite.<\/p>","protected":false},"excerpt":{"rendered":"<p><b>Choisir des blocs d&#039;aluminium Zamak 5 :<\/b><\/p>\n<p><b>\u00a0<\/b><\/p>\n<p><b>Tests de pr\u00e9cision : Id\u00e9al pour les tests sur petits lots, permettant des \u00e9valuations pr\u00e9cises des prototypes de produits.<\/b><\/p>\n<p><b>Rentabilit\u00e9 : Permet de commander en petites quantit\u00e9s, r\u00e9duisant ainsi les d\u00e9penses lors de la phase de test.<\/b><\/p>\n<p><b>Performances fiables : R\u00e9put\u00e9 pour sa robustesse et ses performances constantes, Zamak 5 garantit que vos prototypes respectent des normes strictes.<\/b><\/p>\n<p><b>Dimensions personnalisables\u00a0: Des blocs sur mesure sont disponibles pour r\u00e9pondre \u00e0 vos besoins de test sp\u00e9cifiques. Pour plus d&#039;informations sur les commandes personnalis\u00e9es, n&#039;h\u00e9sitez pas \u00e0 nous contacter.<\/b><\/p>\n<p>&nbsp;<\/p>","protected":false},"featured_media":1696,"comment_status":"open","ping_status":"closed","template":"","meta":[],"product_brand":[],"product_cat":[31],"product_tag":[],"class_list":{"0":"post-1695","1":"product","2":"type-product","3":"status-publish","4":"has-post-thumbnail","6":"product_cat-aluminum-material","8":"first","9":"instock","10":"sale","11":"shipping-taxable","12":"purchasable","13":"product-type-simple"},"_links":{"self":[{"href":"https:\/\/syx.ltd\/fr\/wp-json\/wp\/v2\/product\/1695","targetHints":{"allow":["GET"]}}],"collection":[{"href":"https:\/\/syx.ltd\/fr\/wp-json\/wp\/v2\/product"}],"about":[{"href":"https:\/\/syx.ltd\/fr\/wp-json\/wp\/v2\/types\/product"}],"replies":[{"embeddable":true,"href":"https:\/\/syx.ltd\/fr\/wp-json\/wp\/v2\/comments?post=1695"}],"wp:featuredmedia":[{"embeddable":true,"href":"https:\/\/syx.ltd\/fr\/wp-json\/wp\/v2\/media\/1696"}],"wp:attachment":[{"href":"https:\/\/syx.ltd\/fr\/wp-json\/wp\/v2\/media?parent=1695"}],"wp:term":[{"taxonomy":"product_brand","embeddable":true,"href":"https:\/\/syx.ltd\/fr\/wp-json\/wp\/v2\/product_brand?post=1695"},{"taxonomy":"product_cat","embeddable":true,"href":"https:\/\/syx.ltd\/fr\/wp-json\/wp\/v2\/product_cat?post=1695"},{"taxonomy":"product_tag","embeddable":true,"href":"https:\/\/syx.ltd\/fr\/wp-json\/wp\/v2\/product_tag?post=1695"}],"curies":[{"name":"wp","href":"https:\/\/api.w.org\/{rel}","templated":true}]}}