{"id":403,"date":"2020-08-31T13:00:07","date_gmt":"2020-08-31T13:00:07","guid":{"rendered":"http:\/\/konstrukt.bold-themes.com\/main-demo\/product\/import-placeholder-for-85\/"},"modified":"2024-10-24T03:34:41","modified_gmt":"2024-10-24T03:34:41","slug":"bloque-de-aluminio-adc12","status":"publish","type":"product","link":"https:\/\/syx.ltd\/es\/producto\/bloque-de-aluminio-adc12\/","title":{"rendered":"Bloque de aluminio ADC12 para pruebas (lotes peque\u00f1os)"},"content":{"rendered":"<p><strong>Descripci\u00f3n del Producto:<\/strong> Nuestros bloques de aluminio ADC12 de alta calidad son ideales para pruebas de productos y desarrollo de prototipos. El ADC12 es una aleaci\u00f3n de aluminio ampliamente utilizada, conocida por su excelente resistencia, resistencia a la corrosi\u00f3n y capacidad de colada, lo que la convierte en una opci\u00f3n popular en la fabricaci\u00f3n. Esta aleaci\u00f3n de aluminio es perfecta para pruebas de lotes peque\u00f1os, lo que le permite evaluar el rendimiento de su producto en condiciones reales sin comprometerse con grandes cantidades.<\/p>\n<p><strong>Caracter\u00edsticas principales:<\/strong><\/p>\n<ul>\n<li><strong>Material:<\/strong> Aleaci\u00f3n de aluminio ADC12<\/li>\n<li><strong>Forma:<\/strong> Bloquear<\/li>\n<li><strong>Solicitud:<\/strong> Adecuado para pruebas de lotes peque\u00f1os, creaci\u00f3n de prototipos y desarrollo de productos.<\/li>\n<li><strong>Excelentes Propiedades:<\/strong> Alta resistencia, buena resistencia a la corrosi\u00f3n y gran trabajabilidad.<\/li>\n<li><strong>Acabado de la superficie:<\/strong> Suave y listo para su posterior mecanizado o tratamiento.<\/li>\n<li><strong>Tama\u00f1o del lote:<\/strong> Pedidos de peque\u00f1as cantidades disponibles, perfectos para pruebas y experimentaci\u00f3n.<\/li>\n<\/ul>\n<p><strong>Aplicaciones:<\/strong><\/p>\n<ul>\n<li>Piezas de autom\u00f3vil<\/li>\n<li>Electr\u00f3nica de consumo<\/li>\n<li>Componentes industriales<\/li>\n<li>Pruebas y creaci\u00f3n de prototipos para el desarrollo de productos<\/li>\n<\/ul>\n<p><strong>Informaci\u00f3n del pedido:<\/strong><\/p>\n<p>Cantidad m\u00ednima de pedido: Lotes peque\u00f1os disponibles para pruebas iniciales.<br \/>\nTiempo de entrega: Procesamiento y entrega r\u00e1pidos para ciclos de prueba r\u00e1pidos.<br \/>\nEmbalaje: Empaquetado de forma segura para evitar da\u00f1os durante el transporte.<\/p>\n<p>Si busca un material confiable y rentable para probar los prototipos de sus productos, nuestros bloques de aluminio ADC12 son la soluci\u00f3n perfecta.<\/p>","protected":false},"excerpt":{"rendered":"<p><strong>\u00bfPor qu\u00e9 elegir bloques de aluminio ADC12?<\/strong><\/p>\n<ul>\n<li><strong>Pruebas de precisi\u00f3n:<\/strong> Perfecto para pruebas de lotes peque\u00f1os, lo que permite una evaluaci\u00f3n precisa de prototipos de productos.<\/li>\n<li><strong>Rentable:<\/strong> Haga su pedido en peque\u00f1as cantidades para minimizar los costos durante la fase de prueba.<\/li>\n<li><strong>Rendimiento confiable:<\/strong> ADC12 es conocido por su durabilidad y rendimiento, lo que garantiza que sus prototipos cumplan con altos est\u00e1ndares.<\/li>\n<\/ul>\n<p><strong>Tama\u00f1os personalizados disponibles:<\/strong> Ofrecemos opciones de personalizaci\u00f3n de las dimensiones de los bloques para adaptarlas a sus necesidades espec\u00edficas de prueba. Cont\u00e1ctenos para obtener m\u00e1s informaci\u00f3n sobre pedidos personalizados.<\/p>\n<p>&nbsp;<\/p>","protected":false},"featured_media":1402,"comment_status":"open","ping_status":"closed","template":"","meta":{"nf_dc_page":""},"product_brand":[],"product_cat":[31],"product_tag":[],"class_list":{"0":"post-403","1":"product","2":"type-product","3":"status-publish","4":"has-post-thumbnail","6":"product_cat-aluminum-material","8":"first","9":"instock","10":"sale","11":"shipping-taxable","12":"purchasable","13":"product-type-simple"},"_links":{"self":[{"href":"https:\/\/syx.ltd\/es\/wp-json\/wp\/v2\/product\/403","targetHints":{"allow":["GET"]}}],"collection":[{"href":"https:\/\/syx.ltd\/es\/wp-json\/wp\/v2\/product"}],"about":[{"href":"https:\/\/syx.ltd\/es\/wp-json\/wp\/v2\/types\/product"}],"replies":[{"embeddable":true,"href":"https:\/\/syx.ltd\/es\/wp-json\/wp\/v2\/comments?post=403"}],"wp:featuredmedia":[{"embeddable":true,"href":"https:\/\/syx.ltd\/es\/wp-json\/wp\/v2\/media\/1402"}],"wp:attachment":[{"href":"https:\/\/syx.ltd\/es\/wp-json\/wp\/v2\/media?parent=403"}],"wp:term":[{"taxonomy":"product_brand","embeddable":true,"href":"https:\/\/syx.ltd\/es\/wp-json\/wp\/v2\/product_brand?post=403"},{"taxonomy":"product_cat","embeddable":true,"href":"https:\/\/syx.ltd\/es\/wp-json\/wp\/v2\/product_cat?post=403"},{"taxonomy":"product_tag","embeddable":true,"href":"https:\/\/syx.ltd\/es\/wp-json\/wp\/v2\/product_tag?post=403"}],"curies":[{"name":"wp","href":"https:\/\/api.w.org\/{rel}","templated":true}]}}