{"id":1695,"date":"2024-11-16T08:22:54","date_gmt":"2024-11-16T08:22:54","guid":{"rendered":"https:\/\/diecastingco.com\/?post_type=product&#038;p=1695"},"modified":"2024-11-16T08:37:30","modified_gmt":"2024-11-16T08:37:30","slug":"bloque-de-zinc-zamak-5","status":"publish","type":"product","link":"https:\/\/syx.ltd\/es\/producto\/bloque-de-zinc-zamak-5\/","title":{"rendered":"Bloque de 3 piezas de Zamak 5 zinc para pruebas (lote peque\u00f1o)"},"content":{"rendered":"<p><strong>Descripci\u00f3n del Producto:<\/strong><br \/>\nNuestros bloques premium de aleaci\u00f3n de zinc Zamak 5 est\u00e1n dise\u00f1ados para pruebas de productos y desarrollo de prototipos. El Zamak 5 es una aleaci\u00f3n de zinc popular, conocida por su excelente resistencia, estabilidad dimensional y resistencia al desgaste, lo que la convierte en la opci\u00f3n preferida para la fabricaci\u00f3n y las pruebas. Estos bloques son ideales para evaluaciones de lotes peque\u00f1os, lo que le permite evaluar el rendimiento de su producto en condiciones reales sin comprometerse con una producci\u00f3n a gran escala.<\/p>\n<p><strong>Caracter\u00edsticas principales:<\/strong><\/p>\n<ul>\n<li><strong>Material:<\/strong> Aleaci\u00f3n de zinc Zamak 5<\/li>\n<li><strong>Forma:<\/strong> Bloquear<\/li>\n<li><strong>Solicitud:<\/strong> Perfecto para creaci\u00f3n de prototipos, pruebas de lotes peque\u00f1os y desarrollo de productos.<\/li>\n<li><strong>Propiedades excepcionales:<\/strong> Alta resistencia, excelente resistencia al desgaste y excelente estabilidad dimensional.<\/li>\n<li><strong>Acabado de la superficie:<\/strong> Liso, listo para mecanizado o tratamientos superficiales.<\/li>\n<li><strong>Tama\u00f1o del lote:<\/strong> Disponible en peque\u00f1as cantidades, ideal para experimentaci\u00f3n.<\/li>\n<\/ul>\n<p><strong>Aplicaciones:<\/strong><\/p>\n<ul>\n<li>Componentes automotrices<\/li>\n<li>Electr\u00f3nica de consumo<\/li>\n<li>Piezas industriales<\/li>\n<li>Prototipado y pruebas para el desarrollo de productos<\/li>\n<\/ul>\n<p><strong>Informaci\u00f3n del pedido:<\/strong><\/p>\n<ul>\n<li><strong>Cantidad m\u00ednima de pedido:<\/strong> Peque\u00f1os lotes disponibles para evaluaciones iniciales<\/li>\n<li><strong>El tiempo de entrega:<\/strong> Procesamiento r\u00e1pido para ciclos de prueba r\u00e1pidos<\/li>\n<li><strong>Embalaje:<\/strong> Empaquetado de forma segura para garantizar una entrega segura<\/li>\n<\/ul>\n<p>Si busca un material confiable y rentable para realizar pruebas y crear prototipos, nuestros bloques de zinc Zamak 5 ofrecen la soluci\u00f3n perfecta.<\/p>","protected":false},"excerpt":{"rendered":"<p><b>Elecci\u00f3n de Bloques de Aluminio Zamak 5:<\/b><\/p>\n<p><b>\u00a0<\/b><\/p>\n<p><b>Pruebas de precisi\u00f3n: ideal para pruebas de lotes peque\u00f1os, lo que permite evaluaciones precisas de prototipos de productos.<\/b><\/p>\n<p><b>Costo-Eficiencia: Permite realizar pedidos en peque\u00f1as cantidades, reduciendo gastos en la fase de pruebas.<\/b><\/p>\n<p><b>Rendimiento confiable: reconocido por su robustez y rendimiento constante, Zamak 5 garantiza que sus prototipos cumplan con est\u00e1ndares estrictos.<\/b><\/p>\n<p><b>Dimensiones personalizables: Disponemos de tama\u00f1os de bloque personalizados para satisfacer sus necesidades de prueba espec\u00edficas. Para m\u00e1s informaci\u00f3n sobre pedidos personalizados, cont\u00e1ctenos.<\/b><\/p>\n<p>&nbsp;<\/p>","protected":false},"featured_media":1696,"comment_status":"open","ping_status":"closed","template":"","meta":[],"product_brand":[],"product_cat":[31],"product_tag":[],"class_list":{"0":"post-1695","1":"product","2":"type-product","3":"status-publish","4":"has-post-thumbnail","6":"product_cat-aluminum-material","8":"first","9":"instock","10":"sale","11":"shipping-taxable","12":"purchasable","13":"product-type-simple"},"_links":{"self":[{"href":"https:\/\/syx.ltd\/es\/wp-json\/wp\/v2\/product\/1695","targetHints":{"allow":["GET"]}}],"collection":[{"href":"https:\/\/syx.ltd\/es\/wp-json\/wp\/v2\/product"}],"about":[{"href":"https:\/\/syx.ltd\/es\/wp-json\/wp\/v2\/types\/product"}],"replies":[{"embeddable":true,"href":"https:\/\/syx.ltd\/es\/wp-json\/wp\/v2\/comments?post=1695"}],"wp:featuredmedia":[{"embeddable":true,"href":"https:\/\/syx.ltd\/es\/wp-json\/wp\/v2\/media\/1696"}],"wp:attachment":[{"href":"https:\/\/syx.ltd\/es\/wp-json\/wp\/v2\/media?parent=1695"}],"wp:term":[{"taxonomy":"product_brand","embeddable":true,"href":"https:\/\/syx.ltd\/es\/wp-json\/wp\/v2\/product_brand?post=1695"},{"taxonomy":"product_cat","embeddable":true,"href":"https:\/\/syx.ltd\/es\/wp-json\/wp\/v2\/product_cat?post=1695"},{"taxonomy":"product_tag","embeddable":true,"href":"https:\/\/syx.ltd\/es\/wp-json\/wp\/v2\/product_tag?post=1695"}],"curies":[{"name":"wp","href":"https:\/\/api.w.org\/{rel}","templated":true}]}}