{"id":1695,"date":"2024-11-16T08:22:54","date_gmt":"2024-11-16T08:22:54","guid":{"rendered":"https:\/\/diecastingco.com\/?post_type=product&#038;p=1695"},"modified":"2024-11-16T08:37:30","modified_gmt":"2024-11-16T08:37:30","slug":"zamak-5-zinkblock","status":"publish","type":"product","link":"https:\/\/syx.ltd\/de\/produkt\/zamak-5-zinkblock\/","title":{"rendered":"Zamak 5 Zink 3 Block zum Testen \u2013 Kleinserie"},"content":{"rendered":"<p><strong>Produktbeschreibung:<\/strong><br \/>\nUnsere hochwertigen Zamak 5-Zinklegierungsbl\u00f6cke sind f\u00fcr Produkttests und die Prototypenentwicklung konzipiert. Zamak 5 ist eine beliebte Zinklegierung, die f\u00fcr ihre hervorragende Festigkeit, Dimensionsstabilit\u00e4t und Verschlei\u00dffestigkeit bekannt ist und sich daher besonders f\u00fcr Fertigung und Pr\u00fcfung eignet. Diese Bl\u00f6cke eignen sich ideal f\u00fcr die Evaluierung kleiner Chargen und erm\u00f6glichen Ihnen die Beurteilung der Leistung Ihres Produkts unter realen Bedingungen, ohne dass Sie eine Gro\u00dfserienproduktion in Kauf nehmen m\u00fcssen.<\/p>\n<p><strong>Hauptmerkmale:<\/strong><\/p>\n<ul>\n<li><strong>Material:<\/strong> Zamak 5 Zinklegierung<\/li>\n<li><strong>Form:<\/strong> Block<\/li>\n<li><strong>Anwendung:<\/strong> Perfekt f\u00fcr Prototyping, Kleinserientests und Produktentwicklung<\/li>\n<li><strong>Au\u00dfergew\u00f6hnliche Eigenschaften:<\/strong> Hohe Festigkeit, hervorragende Verschlei\u00dffestigkeit und hervorragende Dimensionsstabilit\u00e4t<\/li>\n<li><strong>Oberfl\u00e4chenbeschaffenheit:<\/strong> Glatt, bereit zur Bearbeitung oder Oberfl\u00e4chenbehandlung<\/li>\n<li><strong>Chargengr\u00f6\u00dfe:<\/strong> In kleinen Mengen erh\u00e4ltlich, ideal zum Experimentieren<\/li>\n<\/ul>\n<p><strong>Anwendungen:<\/strong><\/p>\n<ul>\n<li>Automobilkomponenten<\/li>\n<li>Unterhaltungselektronik<\/li>\n<li>Industrielle Teile<\/li>\n<li>Prototyping und Tests f\u00fcr die Produktentwicklung<\/li>\n<\/ul>\n<p><strong>Bestellinformationen:<\/strong><\/p>\n<ul>\n<li><strong>Mindestbestellmenge:<\/strong> Kleine Chargen f\u00fcr erste Evaluierungen verf\u00fcgbar<\/li>\n<li><strong>Lieferzeit:<\/strong> Schnelle Verarbeitung f\u00fcr schnelle Testzyklen<\/li>\n<li><strong>Verpackung:<\/strong> Sicher verpackt, um eine sichere Lieferung zu gew\u00e4hrleisten<\/li>\n<\/ul>\n<p>Wenn Sie ein zuverl\u00e4ssiges und kosteng\u00fcnstiges Material zum Testen und Prototyping suchen, bieten unsere Zamak 5-Zinkbl\u00f6cke die perfekte L\u00f6sung.<\/p>","protected":false},"excerpt":{"rendered":"<p><b>Auswahl von Zamak 5-Aluminiumbl\u00f6cken:<\/b><\/p>\n<p><b>\u00a0<\/b><\/p>\n<p><b>Pr\u00e4zisionstests: Ideal f\u00fcr Tests kleiner Chargen, erm\u00f6glicht pr\u00e4zise Bewertungen von Produktprototypen.<\/b><\/p>\n<p><b>Kosteneffizienz: Erm\u00f6glicht die Bestellung kleiner Mengen und reduziert so die Kosten in der Testphase.<\/b><\/p>\n<p><b>Zuverl\u00e4ssige Leistung: Zamak 5 ist f\u00fcr seine Robustheit und konstante Leistung bekannt und stellt sicher, dass Ihre Prototypen strenge Standards einhalten.<\/b><\/p>\n<p><b>Anpassbare Abmessungen: Ma\u00dfgeschneiderte Blockgr\u00f6\u00dfen sind erh\u00e4ltlich, um Ihren individuellen Testanforderungen gerecht zu werden. F\u00fcr weitere Informationen zu Sonderanfertigungen kontaktieren Sie uns bitte.<\/b><\/p>\n<p>&nbsp;<\/p>","protected":false},"featured_media":1696,"comment_status":"open","ping_status":"closed","template":"","meta":{"nf_dc_page":""},"product_brand":[],"product_cat":[31],"product_tag":[],"class_list":{"0":"post-1695","1":"product","2":"type-product","3":"status-publish","4":"has-post-thumbnail","6":"product_cat-aluminum-material","8":"first","9":"instock","10":"sale","11":"shipping-taxable","12":"purchasable","13":"product-type-simple"},"_links":{"self":[{"href":"https:\/\/syx.ltd\/de\/wp-json\/wp\/v2\/product\/1695","targetHints":{"allow":["GET"]}}],"collection":[{"href":"https:\/\/syx.ltd\/de\/wp-json\/wp\/v2\/product"}],"about":[{"href":"https:\/\/syx.ltd\/de\/wp-json\/wp\/v2\/types\/product"}],"replies":[{"embeddable":true,"href":"https:\/\/syx.ltd\/de\/wp-json\/wp\/v2\/comments?post=1695"}],"wp:featuredmedia":[{"embeddable":true,"href":"https:\/\/syx.ltd\/de\/wp-json\/wp\/v2\/media\/1696"}],"wp:attachment":[{"href":"https:\/\/syx.ltd\/de\/wp-json\/wp\/v2\/media?parent=1695"}],"wp:term":[{"taxonomy":"product_brand","embeddable":true,"href":"https:\/\/syx.ltd\/de\/wp-json\/wp\/v2\/product_brand?post=1695"},{"taxonomy":"product_cat","embeddable":true,"href":"https:\/\/syx.ltd\/de\/wp-json\/wp\/v2\/product_cat?post=1695"},{"taxonomy":"product_tag","embeddable":true,"href":"https:\/\/syx.ltd\/de\/wp-json\/wp\/v2\/product_tag?post=1695"}],"curies":[{"name":"wp","href":"https:\/\/api.w.org\/{rel}","templated":true}]}}