{"id":494,"date":"2020-10-26T12:23:06","date_gmt":"2020-10-26T12:23:06","guid":{"rendered":"http:\/\/amwerk.bold-themes.com\/berlin\/?page_id=494"},"modified":"2024-10-26T02:37:51","modified_gmt":"2024-10-26T02:37:51","slug":"syxportfolio","status":"publish","type":"page","link":"https:\/\/syx.ltd\/de\/syxportfolio\/","title":{"rendered":"Portfolio"},"content":{"rendered":"<section data-bb-version=\"4.9.1\" id=\"bt_bb_section69ea7856e8ad6\" class=\"bt_bb_section bt_bb_layout_boxed_1200\"  data-bt-override-class=\"null\"><div class=\"bt_bb_port\"><div class=\"bt_bb_cell\"><div class=\"bt_bb_cell_inner\"><div class=\"bt_bb_row\"  data-bt-override-class=\"{}\"><div class=\"bt_bb_row_holder\" ><div data-bb-version=\"4.9.1\"  class=\"bt_bb_column col-xxl-12 col-xl-12 col-xs-12 col-sm-12 col-md-12 col-lg-12 bt_bb_vertical_align_top bt_bb_align_left bt_bb_padding_normal\" style=\"; --column-width:12;\" data-width=\"12\" data-bt-override-class=\"{}\"><div class=\"bt_bb_column_content\"><div class=\"bt_bb_column_content_inner\"><div data-bb-version=\"5.1.6\" class=\"bt_bb_masonry_portfolio_grid bt_bb_grid_container bt_bb_columns_4 bt_bb_gap_large bt_bb_date_design_triangle\" data-columns=\"4\"><div class=\"bt_bb_post_grid_filter\"><span class=\"bt_bb_masonry_portfolio_grid_filter_item bt_bb_post_grid_filter_item active\" data-category-portfolio=\"die-cast-tools,machinery\" data-post-type=\"portfolio\">All<\/span><span class=\"bt_bb_masonry_portfolio_grid_filter_item bt_bb_post_grid_filter_item\" data-category-portfolio=\"die-cast-tools\" data-post-type=\"portfolio\">Druckguss-Werkzeuge<\/span><span class=\"bt_bb_masonry_portfolio_grid_filter_item bt_bb_post_grid_filter_item\" data-category-portfolio=\"machinery\" data-post-type=\"portfolio\">Maschinenpark<\/span><\/div><div class=\"bt_bb_post_grid_loader\"><span class=\"box1\"><\/span><span class=\"box2\"><\/span><span class=\"box3\"><\/span><span class=\"box4\"><\/span><span class=\"box5\"><\/span><\/div><div class=\"bt_bb_masonry_portfolio_grid_content bt_bb_grid_hide\" data-bt-nonce=\"e99e3e9dac\" data-number-portfolio=\"1000\" data-category-portfolio=\"\" data-post-type=\"portfolio\" data-show-portfolio=\"a%3A7%3A%7Bs%3A8%3A%22category%22%3Bb%3A0%3Bs%3A4%3A%22date%22%3Bb%3A1%3Bs%3A6%3A%22author%22%3Bb%3A0%3Bs%3A8%3A%22comments%22%3Bb%3A0%3Bs%3A7%3A%22excerpt%22%3Bb%3A1%3Bs%3A5%3A%22share%22%3Bb%3A1%3Bs%3A4%3A%22size%22%3Bs%3A23%3A%22boldthemes_large_square%22%3B%7D\" data-date-design=\"triangle\"  data-target=\"_self\"><div class=\"bt_bb_grid_sizer\"><\/div><\/div><\/div><\/div><\/div><\/div><\/div><\/div><\/div><!-- cell_inner --><\/div><!-- cell --><\/div><!-- port --><\/section>","protected":false},"excerpt":{"rendered":"<p>Entdecken Sie Pr\u00e4zision, St\u00e4rke und Innovation mit dem HYSYX-Portfolio - wo Qualit\u00e4t auf hochmoderne L\u00f6sungen f\u00fcr alle Industrieanforderungen trifft\u3002Revolutionieren Sie Ihre Projekte mit unseren Premium-Aluminiummaterialien<br \/>\nRapid Prototyping aus Metall | Aluminiumdruckguss | Zinkdruckguss | Magnesiumdruckguss | Druckgussformen | Pr\u00e4zisions-CNC-Bearbeitung | Aluminiumextrusion | Sandguss | Schwerkraftguss | Montage <\/p>","protected":false},"author":1,"featured_media":590,"parent":0,"menu_order":0,"comment_status":"closed","ping_status":"closed","template":"","meta":{"nf_dc_page":"","footnotes":""},"class_list":["post-494","page","type-page","status-publish","has-post-thumbnail","hentry"],"_links":{"self":[{"href":"https:\/\/syx.ltd\/de\/wp-json\/wp\/v2\/pages\/494","targetHints":{"allow":["GET"]}}],"collection":[{"href":"https:\/\/syx.ltd\/de\/wp-json\/wp\/v2\/pages"}],"about":[{"href":"https:\/\/syx.ltd\/de\/wp-json\/wp\/v2\/types\/page"}],"author":[{"embeddable":true,"href":"https:\/\/syx.ltd\/de\/wp-json\/wp\/v2\/users\/1"}],"replies":[{"embeddable":true,"href":"https:\/\/syx.ltd\/de\/wp-json\/wp\/v2\/comments?post=494"}],"version-history":[{"count":7,"href":"https:\/\/syx.ltd\/de\/wp-json\/wp\/v2\/pages\/494\/revisions"}],"predecessor-version":[{"id":1610,"href":"https:\/\/syx.ltd\/de\/wp-json\/wp\/v2\/pages\/494\/revisions\/1610"}],"wp:featuredmedia":[{"embeddable":true,"href":"https:\/\/syx.ltd\/de\/wp-json\/wp\/v2\/media\/590"}],"wp:attachment":[{"href":"https:\/\/syx.ltd\/de\/wp-json\/wp\/v2\/media?parent=494"}],"curies":[{"name":"wp","href":"https:\/\/api.w.org\/{rel}","templated":true}]}}